{"id":16817,"date":"2018-09-14T07:33:56","date_gmt":"2018-09-14T07:33:56","guid":{"rendered":"https:\/\/www.disdoor.es\/avisos-legales\/"},"modified":"2019-04-22T15:22:27","modified_gmt":"2019-04-22T15:22:27","slug":"avisos-legales","status":"publish","type":"page","link":"http:\/\/disdoor.es\/fr\/avisos-legales\/","title":{"rendered":"MENTION L\u00c9GALE"},"content":{"rendered":"<p>[vc_row row_type=&#8221;row&#8221; use_row_as_full_screen_section=&#8221;no&#8221; type=&#8221;full_width&#8221; angled_section=&#8221;no&#8221; text_align=&#8221;left&#8221; background_image_as_pattern=&#8221;without_pattern&#8221; css_animation=&#8221;&#8221;][vc_column][vc_column_text]<\/p>\n<h2>MENTION L\u00c9GALE<\/h2>\n<p>[\/vc_column_text][vc_empty_space][vc_column_text]<\/p>\n<div id=\"clickdatos\">\n<p>La pr\u00e9sente mention l\u00e9gale r\u00e9git les conditions g\u00e9n\u00e9rales d\u2019acc\u00e8s et d\u2019utilisation du site Web accessible \u00e0 travers l&#8217;URL https:\/\/www.disdoor.es (ci-apr\u00e8s, le site Web), que DISDOOR met \u00e0 la disposition des utilisateurs Internet.<\/p>\n<p>L\u2019utilisation du site Web implique l\u2019acceptation compl\u00e8te et sans r\u00e9serve de chacune des dispositions contenues dans la pr\u00e9sente mention l\u00e9gale. Par cons\u00e9quent, l\u2019utilisateur du site Web est tenu d\u2019en lire attentivement les termes, chaque fois qu\u2019il compte utiliser le site Web, car le texte peut subir des modifications de la part du propri\u00e9taire du site Web ou en raison d\u2019un changement l\u00e9gislatif, jurisprudentielle ou de pratique commerciale.<\/p>\n<h2><strong>1.- PROPRI\u00c9T\u00c9 DU SITE WEB.<\/strong><\/h2>\n<p>Raison sociale de la soci\u00e9t\u00e9 : Itali-door, S.L.<br \/>\nNom du titulaire : Itali-door, S.L.<br \/>\nSi\u00e8ge social: Rue Zaragoza, N\u00ba 1,\u00a0 zone industrielle Hermanos Andr\u00e9s<br \/>\nVille : Humanes de Madrid<br \/>\nProvince : Madrid<br \/>\nC.P. : 28970<br \/>\nC.I.F.\/D.N.I : B28744928<br \/>\nNum\u00e9ro de t\u00e9l\u00e9phone de contact : 916420376<br \/>\nEmail : <a href=\"mailto:info@disdoor.es\">info@disdoor.es<\/a><br \/>\nDonn\u00e9es d\u2019enregistrement : Registre du commerce de Madrid, volume 6555, g\u00e9n\u00e9ral 6558, section 3, du livre des soci\u00e9t\u00e9s, feuillet n\u00ba 755 564.<\/p>\n<h2><strong>2.- OBJET.<\/strong><\/h2>\n<p>Le site Web offre \u00e0 ses utilisateurs l\u2019acc\u00e8s aux informations et aux services fournis par DISDOOR aux personnes ou organisations int\u00e9ress\u00e9es.<\/p>\n<h2><strong>3.- ACC\u00c8S ET UTILISATION DU SITE WEB.<\/strong><\/h2>\n<p>3.1.-L\u2019acc\u00e8s et l\u2019utilisation du site Web est gratuits.<br \/>\nL\u2019acc\u00e8s au site Web est gratuit pour ses utilisateurs.<br \/>\n3.2.- Enregistrement de l\u2019utilisateur.<br \/>\nEn r\u00e8gle g\u00e9n\u00e9rale, l\u2019acc\u00e8s et l\u2019utilisation du site Web ne n\u00e9cessitent pas la souscription pr\u00e9alable ou l\u2019enregistrement de ses utilisateurs.<\/p>\n<h2><strong>4.- CONTENU DU SITE WEB.<\/strong><\/h2>\n<p>La langue utilis\u00e9e par le propri\u00e9taire sur le site Web sera l\u2019espagnol. DISDOOR n\u2019est pas responsable du manque de compr\u00e9hension de la langue du site Web par l\u2019utilisateur, ni de ses cons\u00e9quences.<br \/>\nDISDOOR pourra modifier les contenus du site web sans pr\u00e9avis, ainsi que les supprimer et les modifier, par exemple en ce qui concerne leur acc\u00e8s, sans aucune justification et librement, sans \u00eatre responsable des cons\u00e9quences qui en d\u00e9couleraient pour les utilisateurs.<br \/>\nL\u2019utilisation du contenu du site Web pour promouvoir, contracter ou diffuser des publicit\u00e9s ou des informations propres ou \u00e9manant de tiers sans l\u2019autorisation de DISDOOR, ou envoyer de la publicit\u00e9 ou des informations en utilisant les services ou les informations mis \u00e0 leur disposition sur le site, ind\u00e9pendamment du fait que son utilisation soit gratuite ou non, est interdite.<br \/>\nLes liens ou les hyperliens incorpor\u00e9s par des tiers dans leurs pages Web, dirig\u00e9s vers ce site Web, serviront \u00e0 ouvrir compl\u00e8tement la page Web, ne pouvant pas manifester, directement ou indirectement, des indications fausses, inexactes ou confuses, ni supposer aucune action d\u00e9loyale ou illicite \u00e0 l\u2019encontre de DISDOOR.<\/p>\n<h2><strong>5.- LIMITATION DE RESPONSABILIT\u00c9.<\/strong><\/h2>\n<p>L\u2019acc\u00e8s au site Web et l\u2019utilisation non consentie pouvant \u00eatre faite des informations qu\u2019il contient sont de la seule responsabilit\u00e9 de l\u2019utilisateur. DISDOOR ne saurait \u00eatre tenu responsable des cons\u00e9quences, dommages ou int\u00e9r\u00eats pouvant r\u00e9sulter de cet acc\u00e8s ou de cette utilisation. DISDOOR n\u2019est pas responsable des erreurs de s\u00e9curit\u00e9 pouvant survenir ni des dommages pouvant \u00eatre caus\u00e9s au syst\u00e8me informatique de l\u2019utilisateur (mat\u00e9riel et logiciel), aux fichiers ou aux documents qui y sont stock\u00e9s, en raison de :<br \/>\n&#8211; la pr\u00e9sence d\u2019un virus sur l\u2019ordinateur de l\u2019utilisateur utilis\u00e9 pour la connexion aux services et aux contenus du site Web,<br \/>\n&#8211; un dysfonctionnement du navigateur,- et \/ ou l\u2019utilisation de versions non mises \u00e0 jour.<br \/>\nDISDOOR n\u2019est pas responsable de la fiabilit\u00e9 et de la rapidit\u00e9 des hyperliens incorpor\u00e9s dans le site Web pour permettre l\u2019ouverture d\u2019un autre. DISDOOR ne garantit pas l\u2019utilit\u00e9 de ces liens, ni la responsabilit\u00e9 du contenu ou des services auxquels l\u2019utilisateur peut acc\u00e9der par l\u2019interm\u00e9diaire de ces liens, ni le bon fonctionnement de ces sites Web.<br \/>\nDISDOOR ne peut \u00eatre tenu responsable des virus ou autres programmes informatiques qui d\u00e9t\u00e9riorent ou pourraient d\u00e9t\u00e9riorer les syst\u00e8mes informatiques ou l\u2019\u00e9quipement des utilisateurs lorsqu\u2019ils acc\u00e8dent \u00e0 son site Web ou \u00e0 d\u2019autres sites Web ayant \u00e9t\u00e9 accessibles via des liens pr\u00e9sents sur ce site Web.<\/p>\n<h2><strong>6.- UTILISATION DE LA TECHNOLOGIE \u00ab\u00a0COOKIE\u00a0\u00bb<\/strong><\/h2>\n<p>Le site Web n\u2019utilise pas de cookies ni d\u2019autres m\u00e9thodes invisibles de collecte d\u2019informations lorsque l\u2019utilisateur le navigue, en respectant \u00e0 tout moment sa confidentialit\u00e9 et son intimit\u00e9.<br \/>\n* SI DES COOKIES SONT UTILIS\u00c9S, CONSULTEZ LE PARAGRAPHE SUR L\u2019UTILISATION DES COOKIES. Le site Web utilise des cookies. Vous pouvez consulter notre Politique de cookies, qui respecte \u00e0 tout moment la confidentialit\u00e9 et l\u2019intimit\u00e9 de l\u2019utilisateur.<\/p>\n<h2><strong>7.- PROPRI\u00c9T\u00c9 INTELLECTUELLE ET INDUSTRIELLE.<\/strong><\/h2>\n<p>Tous les droits de propri\u00e9t\u00e9 industrielle et intellectuelle du site Web ainsi que son contenu sont la propri\u00e9t\u00e9 de DISDOOR. Toute utilisation du site Web ou de son contenu doit avoir un caract\u00e8re exclusivement personnel. Toute autre utilisation qui suppose la copie, la reproduction, la distribution, la transformation, la communication publique ou toute autre action similaire, de tout ou partie du contenu du site Web, ne pourra \u00eatre r\u00e9alis\u00e9e sans l\u2019autorisation \u00e9crite pr\u00e9alable de DISDOOR.<\/p>\n<h2><strong>\u00a08.- POLITIQUE DE CONFIDENTIALIT\u00c9 ET PROTECTION DES DONN\u00c9ES<\/strong><\/h2>\n<p>DISDOOR garantit la protection et la confidentialit\u00e9 des donn\u00e9es personnelles, de quelque nature que ce soit, fournies par nos soci\u00e9t\u00e9s clientes conform\u00e9ment aux dispositions de la loi organique 15\/1999 du 13 d\u00e9cembre sur la protection des donn\u00e9es personnelles.<br \/>\nToutes les donn\u00e9es fournies par nos soci\u00e9t\u00e9s clientes \u00e0 DISDOOR ou \u00e0 son personnel seront incluses dans un fichier automatis\u00e9 de donn\u00e9es personnelles cr\u00e9\u00e9 et conserv\u00e9 sous la responsabilit\u00e9 de DISDOOR, indispensable pour fournir les services demand\u00e9s par les utilisateurs.<br \/>\nLes informations fournies seront trait\u00e9es conform\u00e9ment au r\u00e8glement sur les mesures de s\u00e9curit\u00e9 (d\u00e9cret royal 1720\/2007 du 21 d\u00e9cembre), en ce sens, DISDOOR a adopt\u00e9 les niveaux de protection l\u00e9galement requis et a mis en place toutes les mesures techniques \u00e0 sa port\u00e9e pour \u00e9viter les pertes, les utilisations abusives, les modifications et les acc\u00e8s non autoris\u00e9s r\u00e9alis\u00e9s par des tiers. Toutefois, l\u2019utilisateur doit savoir que les mesures de s\u00e9curit\u00e9 sur Internet ne sont pas infranchissables. S\u2019il estime appropri\u00e9 que ses donn\u00e9es personnelles soient transf\u00e9r\u00e9es \u00e0 d&#8217;autres entit\u00e9s, l\u2019utilisateur sera inform\u00e9 des donn\u00e9es fournies, de la raison d\u2019\u00eatre du fichier ainsi que du nom et de l\u2019adresse du destinataire du transfert auquel il devra donner un consentement sans \u00e9quivoque \u00e0 cet \u00e9gard.<br \/>\nConform\u00e9ment aux dispositions de la RGPD, l\u2019utilisateur peut exercer ses droits d\u2019acc\u00e8s, de rectification, d\u2019annulation et d\u2019opposition. Pour cela, vous devez nous contacter \u00e0 : info@disdoor.es<\/p>\n<h2><strong>9.- L\u00c9GISLATION APPLICABLE ET JURIDICTION COMP\u00c9TENTE.<\/strong><\/h2>\n<p>La pr\u00e9sente mention l\u00e9gale sera interpr\u00e9t\u00e9e et r\u00e9gie conform\u00e9ment \u00e0 la l\u00e9gislation espagnole. DISDOOR et les utilisateurs, renon\u00e7ant express\u00e9ment \u00e0 toute autre juridiction qui pourrait leur correspondre, se soumettent aux cours et aux tribunaux du domicile de l\u2019utilisateur pour tout litige pouvant d\u00e9couler de l\u2019acc\u00e8s ou de l\u2019utilisation du site Web. Dans le cas o\u00f9 l\u2019utilisateur serait domicili\u00e9 en dehors de l\u2019Espagne, DISDOOR et l\u2019utilisateur, se soumettent, renon\u00e7ant express\u00e9ment \u00e0 toute autre juridiction, aux cours et tribunaux du domicile de DISDOOR.<\/p>\n<\/div>\n<p>[\/vc_column_text][vc_empty_space][\/vc_column][\/vc_row]<\/p>\n","protected":false},"excerpt":{"rendered":"<p>[vc_row row_type=&#8221;row&#8221; use_row_as_full_screen_section=&#8221;no&#8221; type=&#8221;full_width&#8221; angled_section=&#8221;no&#8221; text_align=&#8221;left&#8221; background_image_as_pattern=&#8221;without_pattern&#8221; css_animation=&#8221;&#8221;][vc_column][vc_column_text] MENTION L\u00c9GALE [\/vc_column_text][vc_empty_space][vc_column_text] La pr\u00e9sente mention l\u00e9gale r\u00e9git les conditions g\u00e9n\u00e9rales d\u2019acc\u00e8s et d\u2019utilisation du site Web accessible \u00e0 travers l&#8217;URL https:\/\/www.disdoor.es (ci-apr\u00e8s, le site Web), que DISDOOR met \u00e0 la disposition des utilisateurs Internet. L\u2019utilisation du&#8230;<\/p>\n","protected":false},"author":1,"featured_media":0,"parent":0,"menu_order":0,"comment_status":"closed","ping_status":"closed","template":"","meta":{"footnotes":""},"class_list":["post-16817","page","type-page","status-publish","hentry"],"yoast_head":"<!-- This site is optimized with the Yoast SEO plugin v18.4.1 - https:\/\/yoast.com\/wordpress\/plugins\/seo\/ -->\n<title>MENTION L\u00c9GALE - Disdoor<\/title>\n<meta name=\"robots\" content=\"index, follow, max-snippet:-1, max-image-preview:large, max-video-preview:-1\" \/>\n<link rel=\"canonical\" href=\"http:\/\/disdoor.es\/fr\/avisos-legales\/\" \/>\n<meta property=\"og:locale\" content=\"fr_FR\" \/>\n<meta property=\"og:type\" content=\"article\" \/>\n<meta property=\"og:title\" content=\"MENTION L\u00c9GALE - Disdoor\" \/>\n<meta property=\"og:description\" content=\"[vc_row row_type=&#8221;row&#8221; use_row_as_full_screen_section=&#8221;no&#8221; type=&#8221;full_width&#8221; angled_section=&#8221;no&#8221; text_align=&#8221;left&#8221; background_image_as_pattern=&#8221;without_pattern&#8221; css_animation=&#8221;&#8221;][vc_column][vc_column_text] MENTION L\u00c9GALE [\/vc_column_text][vc_empty_space][vc_column_text] La pr\u00e9sente mention l\u00e9gale r\u00e9git les conditions g\u00e9n\u00e9rales d\u2019acc\u00e8s et d\u2019utilisation du site Web accessible \u00e0 travers l&#8217;URL https:\/\/www.disdoor.es (ci-apr\u00e8s, le site Web), que DISDOOR met \u00e0 la disposition des utilisateurs Internet. L\u2019utilisation du...\" \/>\n<meta property=\"og:url\" content=\"http:\/\/disdoor.es\/fr\/avisos-legales\/\" \/>\n<meta property=\"og:site_name\" content=\"Disdoor\" \/>\n<meta property=\"article:modified_time\" content=\"2019-04-22T15:22:27+00:00\" \/>\n<meta name=\"twitter:card\" content=\"summary_large_image\" \/>\n<meta name=\"twitter:label1\" content=\"Est. reading time\" \/>\n\t<meta name=\"twitter:data1\" content=\"7 minutes\" \/>\n<script type=\"application\/ld+json\" class=\"yoast-schema-graph\">{\"@context\":\"https:\/\/schema.org\",\"@graph\":[{\"@type\":\"Organization\",\"@id\":\"https:\/\/disdoor.es\/fr\/#organization\",\"name\":\"Disdoor\",\"url\":\"https:\/\/disdoor.es\/fr\/\",\"sameAs\":[],\"logo\":{\"@type\":\"ImageObject\",\"@id\":\"https:\/\/disdoor.es\/fr\/#logo\",\"inLanguage\":\"fr-FR\",\"url\":\"https:\/\/www.disdoor.es\/wp-content\/uploads\/2017\/10\/logo-disdoor.png\",\"contentUrl\":\"https:\/\/www.disdoor.es\/wp-content\/uploads\/2017\/10\/logo-disdoor.png\",\"width\":198,\"height\":80,\"caption\":\"Disdoor\"},\"image\":{\"@id\":\"https:\/\/disdoor.es\/fr\/#logo\"}},{\"@type\":\"WebSite\",\"@id\":\"https:\/\/disdoor.es\/fr\/#website\",\"url\":\"https:\/\/disdoor.es\/fr\/\",\"name\":\"Disdoor\",\"description\":\"Armarios y puertas plegables\",\"publisher\":{\"@id\":\"https:\/\/disdoor.es\/fr\/#organization\"},\"potentialAction\":[{\"@type\":\"SearchAction\",\"target\":{\"@type\":\"EntryPoint\",\"urlTemplate\":\"https:\/\/disdoor.es\/fr\/?s={search_term_string}\"},\"query-input\":\"required name=search_term_string\"}],\"inLanguage\":\"fr-FR\"},{\"@type\":\"WebPage\",\"@id\":\"http:\/\/disdoor.es\/fr\/avisos-legales\/#webpage\",\"url\":\"http:\/\/disdoor.es\/fr\/avisos-legales\/\",\"name\":\"MENTION L\u00c9GALE - Disdoor\",\"isPartOf\":{\"@id\":\"https:\/\/disdoor.es\/fr\/#website\"},\"datePublished\":\"2018-09-14T07:33:56+00:00\",\"dateModified\":\"2019-04-22T15:22:27+00:00\",\"breadcrumb\":{\"@id\":\"http:\/\/disdoor.es\/fr\/avisos-legales\/#breadcrumb\"},\"inLanguage\":\"fr-FR\",\"potentialAction\":[{\"@type\":\"ReadAction\",\"target\":[\"http:\/\/disdoor.es\/fr\/avisos-legales\/\"]}]},{\"@type\":\"BreadcrumbList\",\"@id\":\"http:\/\/disdoor.es\/fr\/avisos-legales\/#breadcrumb\",\"itemListElement\":[{\"@type\":\"ListItem\",\"position\":1,\"name\":\"Portada\",\"item\":\"https:\/\/disdoor.es\/fr\/\"},{\"@type\":\"ListItem\",\"position\":2,\"name\":\"MENTION L\u00c9GALE\"}]}]}<\/script>\n<!-- \/ Yoast SEO plugin. -->","yoast_head_json":{"title":"MENTION L\u00c9GALE - Disdoor","robots":{"index":"index","follow":"follow","max-snippet":"max-snippet:-1","max-image-preview":"max-image-preview:large","max-video-preview":"max-video-preview:-1"},"canonical":"http:\/\/disdoor.es\/fr\/avisos-legales\/","og_locale":"fr_FR","og_type":"article","og_title":"MENTION L\u00c9GALE - Disdoor","og_description":"[vc_row row_type=&#8221;row&#8221; use_row_as_full_screen_section=&#8221;no&#8221; type=&#8221;full_width&#8221; angled_section=&#8221;no&#8221; text_align=&#8221;left&#8221; background_image_as_pattern=&#8221;without_pattern&#8221; css_animation=&#8221;&#8221;][vc_column][vc_column_text] MENTION L\u00c9GALE [\/vc_column_text][vc_empty_space][vc_column_text] La pr\u00e9sente mention l\u00e9gale r\u00e9git les conditions g\u00e9n\u00e9rales d\u2019acc\u00e8s et d\u2019utilisation du site Web accessible \u00e0 travers l&#8217;URL https:\/\/www.disdoor.es (ci-apr\u00e8s, le site Web), que DISDOOR met \u00e0 la disposition des utilisateurs Internet. L\u2019utilisation du...","og_url":"http:\/\/disdoor.es\/fr\/avisos-legales\/","og_site_name":"Disdoor","article_modified_time":"2019-04-22T15:22:27+00:00","twitter_card":"summary_large_image","twitter_misc":{"Est. reading time":"7 minutes"},"schema":{"@context":"https:\/\/schema.org","@graph":[{"@type":"Organization","@id":"https:\/\/disdoor.es\/fr\/#organization","name":"Disdoor","url":"https:\/\/disdoor.es\/fr\/","sameAs":[],"logo":{"@type":"ImageObject","@id":"https:\/\/disdoor.es\/fr\/#logo","inLanguage":"fr-FR","url":"https:\/\/www.disdoor.es\/wp-content\/uploads\/2017\/10\/logo-disdoor.png","contentUrl":"https:\/\/www.disdoor.es\/wp-content\/uploads\/2017\/10\/logo-disdoor.png","width":198,"height":80,"caption":"Disdoor"},"image":{"@id":"https:\/\/disdoor.es\/fr\/#logo"}},{"@type":"WebSite","@id":"https:\/\/disdoor.es\/fr\/#website","url":"https:\/\/disdoor.es\/fr\/","name":"Disdoor","description":"Armarios y puertas plegables","publisher":{"@id":"https:\/\/disdoor.es\/fr\/#organization"},"potentialAction":[{"@type":"SearchAction","target":{"@type":"EntryPoint","urlTemplate":"https:\/\/disdoor.es\/fr\/?s={search_term_string}"},"query-input":"required name=search_term_string"}],"inLanguage":"fr-FR"},{"@type":"WebPage","@id":"http:\/\/disdoor.es\/fr\/avisos-legales\/#webpage","url":"http:\/\/disdoor.es\/fr\/avisos-legales\/","name":"MENTION L\u00c9GALE - Disdoor","isPartOf":{"@id":"https:\/\/disdoor.es\/fr\/#website"},"datePublished":"2018-09-14T07:33:56+00:00","dateModified":"2019-04-22T15:22:27+00:00","breadcrumb":{"@id":"http:\/\/disdoor.es\/fr\/avisos-legales\/#breadcrumb"},"inLanguage":"fr-FR","potentialAction":[{"@type":"ReadAction","target":["http:\/\/disdoor.es\/fr\/avisos-legales\/"]}]},{"@type":"BreadcrumbList","@id":"http:\/\/disdoor.es\/fr\/avisos-legales\/#breadcrumb","itemListElement":[{"@type":"ListItem","position":1,"name":"Portada","item":"https:\/\/disdoor.es\/fr\/"},{"@type":"ListItem","position":2,"name":"MENTION L\u00c9GALE"}]}]}},"_links":{"self":[{"href":"http:\/\/disdoor.es\/fr\/wp-json\/wp\/v2\/pages\/16817","targetHints":{"allow":["GET"]}}],"collection":[{"href":"http:\/\/disdoor.es\/fr\/wp-json\/wp\/v2\/pages"}],"about":[{"href":"http:\/\/disdoor.es\/fr\/wp-json\/wp\/v2\/types\/page"}],"author":[{"embeddable":true,"href":"http:\/\/disdoor.es\/fr\/wp-json\/wp\/v2\/users\/1"}],"replies":[{"embeddable":true,"href":"http:\/\/disdoor.es\/fr\/wp-json\/wp\/v2\/comments?post=16817"}],"version-history":[{"count":3,"href":"http:\/\/disdoor.es\/fr\/wp-json\/wp\/v2\/pages\/16817\/revisions"}],"predecessor-version":[{"id":17197,"href":"http:\/\/disdoor.es\/fr\/wp-json\/wp\/v2\/pages\/16817\/revisions\/17197"}],"wp:attachment":[{"href":"http:\/\/disdoor.es\/fr\/wp-json\/wp\/v2\/media?parent=16817"}],"curies":[{"name":"wp","href":"https:\/\/api.w.org\/{rel}","templated":true}]}}