{"id":17198,"date":"2018-09-14T07:33:56","date_gmt":"2018-09-14T07:33:56","guid":{"rendered":"https:\/\/www.disdoor.es\/politica-de-privacidad\/"},"modified":"2019-04-22T15:30:15","modified_gmt":"2019-04-22T15:30:15","slug":"politica-de-privacidad","status":"publish","type":"page","link":"http:\/\/disdoor.es\/fr\/politica-de-privacidad\/","title":{"rendered":"POLITIQUE DE CONFIDENTIALIT\u00c9"},"content":{"rendered":"<p>[vc_row row_type=&#8221;row&#8221; use_row_as_full_screen_section=&#8221;no&#8221; type=&#8221;full_width&#8221; angled_section=&#8221;no&#8221; text_align=&#8221;left&#8221; background_image_as_pattern=&#8221;without_pattern&#8221; css_animation=&#8221;&#8221;][vc_column][vc_column_text]<\/p>\n<h2>POLITIQUE DE CONFIDENTIALIT\u00c9<\/h2>\n<p>[\/vc_column_text][vc_empty_space][vc_column_text]<\/p>\n<div id=\"clickdatos\">\n<p>Conform\u00e9ment aux dispositions de la RGPD, nous vous informons que vos donn\u00e9es seront trait\u00e9es dans nos fichiers afin de maintenir et de renforcer votre relation avec notre soci\u00e9t\u00e9, y compris pour l\u2019envoi de communications dans le cadre de la relation susmentionn\u00e9e.<\/p>\n<p>De m\u00eame, vos donn\u00e9es seront c\u00e9d\u00e9es dans tous les cas o\u00f9 cela sera n\u00e9cessaire au d\u00e9veloppement, au respect et au contr\u00f4le de la relation avec notre soci\u00e9t\u00e9 ou dans les cas o\u00f9 elles seraient autoris\u00e9es par une norme ayant statut juridique. Conform\u00e9ment \u00e0 la RGPD, vous pouvez exercer vos droits ARCO face \u00e0 DISDOOR, \u00e0 l\u2019adresse suivante: <strong>Rue Zaragoza, 1, Zone industrielle Hermanos Andr\u00e9s, 28970 &#8211; Humanes de Madrid<\/strong>, en joignant une photocopie de votre pi\u00e8ce d\u2019identit\u00e9.<\/p>\n<p>Le contenu de cette communication, ainsi que celui de toute la documentation annex\u00e9e, est soumis au devoir de discr\u00e9tion et s\u2019adresse uniquement \u00e0 son destinataire. Dans le cas o\u00f9 vous ne seriez pas le destinataire, nous vous demandons de nous l\u2019indiquer, de ne pas en communiquer le contenu \u00e0 des tiers et de proc\u00e9der \u00e0 sa destruction.<\/p>\n<p>Le prestataire de services de la soci\u00e9t\u00e9 de l\u2019information devra tenir compte du fait que, outre les informations fournies aux destinataires du service par le biais de sa \u00ab\u00a0Politique de confidentialit\u00e9\u00a0\u00bb, il devra disposer de textes l\u00e9gaux compl\u00e9mentaires relatifs \u00e0 d\u2019autres r\u00e9glementations obligatoires, tels que, sans limitation ni exclusion, des conditions g\u00e9n\u00e9rales d\u2019accord contractuel, ceux de la propri\u00e9t\u00e9 intellectuelle et industrielle, des conditions d\u2019utilisation du site Web et des responsabilit\u00e9s qui en d\u00e9coulent, ou de ce que la loi 34\/2002 du 11 juillet sur les Services de la Soci\u00e9t\u00e9 de l\u2019Information et du Commerce \u00e9lectronique peuvent \u00e9tablir dans n\u2019importe quel autre pr\u00e9cepte en dehors de son article num\u00e9ro 10 ou, m\u00eame, compl\u00e9ter les informations relatives \u00e0 celui-ci qui pourraient \u00eatre n\u00e9cessaires.<\/p>\n<\/div>\n<p>[\/vc_column_text][vc_empty_space][\/vc_column][\/vc_row]<\/p>\n","protected":false},"excerpt":{"rendered":"<p>[vc_row row_type=&#8221;row&#8221; use_row_as_full_screen_section=&#8221;no&#8221; type=&#8221;full_width&#8221; angled_section=&#8221;no&#8221; text_align=&#8221;left&#8221; background_image_as_pattern=&#8221;without_pattern&#8221; css_animation=&#8221;&#8221;][vc_column][vc_column_text] POLITIQUE DE CONFIDENTIALIT\u00c9 [\/vc_column_text][vc_empty_space][vc_column_text] Conform\u00e9ment aux dispositions de la RGPD, nous vous informons que vos donn\u00e9es seront trait\u00e9es dans nos fichiers afin de maintenir et de renforcer votre relation avec notre soci\u00e9t\u00e9, y compris pour l\u2019envoi de&#8230;<\/p>\n","protected":false},"author":1,"featured_media":0,"parent":0,"menu_order":0,"comment_status":"closed","ping_status":"closed","template":"","meta":{"footnotes":""},"class_list":["post-17198","page","type-page","status-publish","hentry"],"yoast_head":"<!-- This site is optimized with the Yoast SEO plugin v18.4.1 - https:\/\/yoast.com\/wordpress\/plugins\/seo\/ -->\n<title>POLITIQUE DE CONFIDENTIALIT\u00c9 - Disdoor<\/title>\n<meta name=\"robots\" content=\"index, follow, max-snippet:-1, max-image-preview:large, max-video-preview:-1\" \/>\n<link rel=\"canonical\" href=\"http:\/\/disdoor.es\/fr\/politica-de-privacidad\/\" \/>\n<meta property=\"og:locale\" content=\"fr_FR\" \/>\n<meta property=\"og:type\" content=\"article\" \/>\n<meta property=\"og:title\" content=\"POLITIQUE DE CONFIDENTIALIT\u00c9 - Disdoor\" \/>\n<meta property=\"og:description\" content=\"[vc_row row_type=&#8221;row&#8221; use_row_as_full_screen_section=&#8221;no&#8221; type=&#8221;full_width&#8221; angled_section=&#8221;no&#8221; text_align=&#8221;left&#8221; background_image_as_pattern=&#8221;without_pattern&#8221; css_animation=&#8221;&#8221;][vc_column][vc_column_text] POLITIQUE DE CONFIDENTIALIT\u00c9 [\/vc_column_text][vc_empty_space][vc_column_text] Conform\u00e9ment aux dispositions de la RGPD, nous vous informons que vos donn\u00e9es seront trait\u00e9es dans nos fichiers afin de maintenir et de renforcer votre relation avec notre soci\u00e9t\u00e9, y compris pour l\u2019envoi de...\" \/>\n<meta property=\"og:url\" content=\"http:\/\/disdoor.es\/fr\/politica-de-privacidad\/\" \/>\n<meta property=\"og:site_name\" content=\"Disdoor\" \/>\n<meta property=\"article:modified_time\" content=\"2019-04-22T15:30:15+00:00\" \/>\n<meta name=\"twitter:card\" content=\"summary_large_image\" \/>\n<meta name=\"twitter:label1\" content=\"Est. reading time\" \/>\n\t<meta name=\"twitter:data1\" content=\"2 minutes\" \/>\n<script type=\"application\/ld+json\" class=\"yoast-schema-graph\">{\"@context\":\"https:\/\/schema.org\",\"@graph\":[{\"@type\":\"Organization\",\"@id\":\"https:\/\/disdoor.es\/fr\/#organization\",\"name\":\"Disdoor\",\"url\":\"https:\/\/disdoor.es\/fr\/\",\"sameAs\":[],\"logo\":{\"@type\":\"ImageObject\",\"@id\":\"https:\/\/disdoor.es\/fr\/#logo\",\"inLanguage\":\"fr-FR\",\"url\":\"https:\/\/www.disdoor.es\/wp-content\/uploads\/2017\/10\/logo-disdoor.png\",\"contentUrl\":\"https:\/\/www.disdoor.es\/wp-content\/uploads\/2017\/10\/logo-disdoor.png\",\"width\":198,\"height\":80,\"caption\":\"Disdoor\"},\"image\":{\"@id\":\"https:\/\/disdoor.es\/fr\/#logo\"}},{\"@type\":\"WebSite\",\"@id\":\"https:\/\/disdoor.es\/fr\/#website\",\"url\":\"https:\/\/disdoor.es\/fr\/\",\"name\":\"Disdoor\",\"description\":\"Armarios y puertas plegables\",\"publisher\":{\"@id\":\"https:\/\/disdoor.es\/fr\/#organization\"},\"potentialAction\":[{\"@type\":\"SearchAction\",\"target\":{\"@type\":\"EntryPoint\",\"urlTemplate\":\"https:\/\/disdoor.es\/fr\/?s={search_term_string}\"},\"query-input\":\"required name=search_term_string\"}],\"inLanguage\":\"fr-FR\"},{\"@type\":\"WebPage\",\"@id\":\"http:\/\/disdoor.es\/fr\/politica-de-privacidad\/#webpage\",\"url\":\"http:\/\/disdoor.es\/fr\/politica-de-privacidad\/\",\"name\":\"POLITIQUE DE CONFIDENTIALIT\u00c9 - Disdoor\",\"isPartOf\":{\"@id\":\"https:\/\/disdoor.es\/fr\/#website\"},\"datePublished\":\"2018-09-14T07:33:56+00:00\",\"dateModified\":\"2019-04-22T15:30:15+00:00\",\"breadcrumb\":{\"@id\":\"http:\/\/disdoor.es\/fr\/politica-de-privacidad\/#breadcrumb\"},\"inLanguage\":\"fr-FR\",\"potentialAction\":[{\"@type\":\"ReadAction\",\"target\":[\"http:\/\/disdoor.es\/fr\/politica-de-privacidad\/\"]}]},{\"@type\":\"BreadcrumbList\",\"@id\":\"http:\/\/disdoor.es\/fr\/politica-de-privacidad\/#breadcrumb\",\"itemListElement\":[{\"@type\":\"ListItem\",\"position\":1,\"name\":\"Portada\",\"item\":\"https:\/\/disdoor.es\/fr\/\"},{\"@type\":\"ListItem\",\"position\":2,\"name\":\"POLITIQUE DE CONFIDENTIALIT\u00c9\"}]}]}<\/script>\n<!-- \/ Yoast SEO plugin. -->","yoast_head_json":{"title":"POLITIQUE DE CONFIDENTIALIT\u00c9 - Disdoor","robots":{"index":"index","follow":"follow","max-snippet":"max-snippet:-1","max-image-preview":"max-image-preview:large","max-video-preview":"max-video-preview:-1"},"canonical":"http:\/\/disdoor.es\/fr\/politica-de-privacidad\/","og_locale":"fr_FR","og_type":"article","og_title":"POLITIQUE DE CONFIDENTIALIT\u00c9 - Disdoor","og_description":"[vc_row row_type=&#8221;row&#8221; use_row_as_full_screen_section=&#8221;no&#8221; type=&#8221;full_width&#8221; angled_section=&#8221;no&#8221; text_align=&#8221;left&#8221; background_image_as_pattern=&#8221;without_pattern&#8221; css_animation=&#8221;&#8221;][vc_column][vc_column_text] POLITIQUE DE CONFIDENTIALIT\u00c9 [\/vc_column_text][vc_empty_space][vc_column_text] Conform\u00e9ment aux dispositions de la RGPD, nous vous informons que vos donn\u00e9es seront trait\u00e9es dans nos fichiers afin de maintenir et de renforcer votre relation avec notre soci\u00e9t\u00e9, y compris pour l\u2019envoi de...","og_url":"http:\/\/disdoor.es\/fr\/politica-de-privacidad\/","og_site_name":"Disdoor","article_modified_time":"2019-04-22T15:30:15+00:00","twitter_card":"summary_large_image","twitter_misc":{"Est. reading time":"2 minutes"},"schema":{"@context":"https:\/\/schema.org","@graph":[{"@type":"Organization","@id":"https:\/\/disdoor.es\/fr\/#organization","name":"Disdoor","url":"https:\/\/disdoor.es\/fr\/","sameAs":[],"logo":{"@type":"ImageObject","@id":"https:\/\/disdoor.es\/fr\/#logo","inLanguage":"fr-FR","url":"https:\/\/www.disdoor.es\/wp-content\/uploads\/2017\/10\/logo-disdoor.png","contentUrl":"https:\/\/www.disdoor.es\/wp-content\/uploads\/2017\/10\/logo-disdoor.png","width":198,"height":80,"caption":"Disdoor"},"image":{"@id":"https:\/\/disdoor.es\/fr\/#logo"}},{"@type":"WebSite","@id":"https:\/\/disdoor.es\/fr\/#website","url":"https:\/\/disdoor.es\/fr\/","name":"Disdoor","description":"Armarios y puertas plegables","publisher":{"@id":"https:\/\/disdoor.es\/fr\/#organization"},"potentialAction":[{"@type":"SearchAction","target":{"@type":"EntryPoint","urlTemplate":"https:\/\/disdoor.es\/fr\/?s={search_term_string}"},"query-input":"required name=search_term_string"}],"inLanguage":"fr-FR"},{"@type":"WebPage","@id":"http:\/\/disdoor.es\/fr\/politica-de-privacidad\/#webpage","url":"http:\/\/disdoor.es\/fr\/politica-de-privacidad\/","name":"POLITIQUE DE CONFIDENTIALIT\u00c9 - Disdoor","isPartOf":{"@id":"https:\/\/disdoor.es\/fr\/#website"},"datePublished":"2018-09-14T07:33:56+00:00","dateModified":"2019-04-22T15:30:15+00:00","breadcrumb":{"@id":"http:\/\/disdoor.es\/fr\/politica-de-privacidad\/#breadcrumb"},"inLanguage":"fr-FR","potentialAction":[{"@type":"ReadAction","target":["http:\/\/disdoor.es\/fr\/politica-de-privacidad\/"]}]},{"@type":"BreadcrumbList","@id":"http:\/\/disdoor.es\/fr\/politica-de-privacidad\/#breadcrumb","itemListElement":[{"@type":"ListItem","position":1,"name":"Portada","item":"https:\/\/disdoor.es\/fr\/"},{"@type":"ListItem","position":2,"name":"POLITIQUE DE CONFIDENTIALIT\u00c9"}]}]}},"_links":{"self":[{"href":"http:\/\/disdoor.es\/fr\/wp-json\/wp\/v2\/pages\/17198","targetHints":{"allow":["GET"]}}],"collection":[{"href":"http:\/\/disdoor.es\/fr\/wp-json\/wp\/v2\/pages"}],"about":[{"href":"http:\/\/disdoor.es\/fr\/wp-json\/wp\/v2\/types\/page"}],"author":[{"embeddable":true,"href":"http:\/\/disdoor.es\/fr\/wp-json\/wp\/v2\/users\/1"}],"replies":[{"embeddable":true,"href":"http:\/\/disdoor.es\/fr\/wp-json\/wp\/v2\/comments?post=17198"}],"version-history":[{"count":1,"href":"http:\/\/disdoor.es\/fr\/wp-json\/wp\/v2\/pages\/17198\/revisions"}],"predecessor-version":[{"id":17199,"href":"http:\/\/disdoor.es\/fr\/wp-json\/wp\/v2\/pages\/17198\/revisions\/17199"}],"wp:attachment":[{"href":"http:\/\/disdoor.es\/fr\/wp-json\/wp\/v2\/media?parent=17198"}],"curies":[{"name":"wp","href":"https:\/\/api.w.org\/{rel}","templated":true}]}}