{"id":17242,"date":"2018-07-16T07:42:17","date_gmt":"2018-07-16T07:42:17","guid":{"rendered":"https:\/\/www.disdoor.es\/rodapie-y-tapetas-100-anti-humedad\/"},"modified":"2019-04-23T09:30:21","modified_gmt":"2019-04-23T09:30:21","slug":"rodapie-y-tapetas-100-anti-humedad","status":"publish","type":"page","link":"http:\/\/disdoor.es\/fr\/productos\/rodapie-y-tapetas-100-anti-humedad\/","title":{"rendered":"Plinthes et chambranles 100 % Anti-humidit\u00e9"},"content":{"rendered":"<p>[vc_row row_type=&#8221;row&#8221; use_row_as_full_screen_section=&#8221;no&#8221; type=&#8221;grid&#8221; angled_section=&#8221;no&#8221; text_align=&#8221;center&#8221; background_image_as_pattern=&#8221;without_pattern&#8221; padding_bottom=&#8221;47&#8243; css_animation=&#8221;&#8221;][vc_column][vc_column_text]<\/p>\n<h2 style=\"text-align: center;\">Plinthes et chambranles 100% Anti-humidit\u00e9<\/h2>\n<p>[\/vc_column_text][vc_separator type=&#8221;small&#8221; position=&#8221;center&#8221; color=&#8221;#f18827&#8243; thickness=&#8221;6&#8243; width=&#8221;52&#8243; up=&#8221;12&#8243; down=&#8221;20&#8243;][vc_column_text]<\/p>\n<h5 style=\"text-align: center;\">Sp\u00e9cial sols et parquets<\/h5>\n<p>[\/vc_column_text][vc_empty_space][\/vc_column][\/vc_row][vc_row row_type=&#8221;row&#8221; use_row_as_full_screen_section=&#8221;no&#8221; type=&#8221;full_width&#8221; angled_section=&#8221;no&#8221; text_align=&#8221;left&#8221; background_image_as_pattern=&#8221;without_pattern&#8221; css_animation=&#8221;&#8221;][vc_column width=&#8221;1\/2&#8243;][vc_column_text]Disdoor fabrique des plinthes et des chambranles 100% Anti-humidit\u00e9 <strong>(brevet ES 1 083 754 U) <\/strong>par extrusion et les recouvre ensuite en impression num\u00e9rique. Les nouvelles technologies nous permettent de proposer des produits de toute derni\u00e8re g\u00e9n\u00e9ration. Bien que nous disposions de plus de 55 finitions, nous pouvons vous proposer de personnaliser vos projets sans autre limite que votre imagination. Vous pouvez choisir le motif ou l\u2019image que vous d\u00e9sirez que nous nous chargions de r\u00e9aliser. Nous mettons \u00e0 votre disposition notre savoir-faire avec nos 6 lignes d\u2019extrusion, recouvrement de profil\u00e9s, etc.[\/vc_column_text][vc_empty_space][\/vc_column][vc_column width=&#8221;1\/2&#8243;][vc_video link=&#8221;https:\/\/www.youtube.com\/watch?v=sT5gaNdkox8&#8243; align=&#8221;center&#8221;][vc_empty_space][\/vc_column][\/vc_row][vc_row row_type=&#8221;row&#8221; use_row_as_full_screen_section=&#8221;no&#8221; type=&#8221;full_width&#8221; angled_section=&#8221;no&#8221; text_align=&#8221;left&#8221; background_image_as_pattern=&#8221;without_pattern&#8221; css_animation=&#8221;&#8221;][vc_column width=&#8221;1\/2&#8243; css=&#8221;.vc_custom_1531739466229{padding-top: 32px !important;padding-right: 40px !important;padding-bottom: 32px !important;padding-left: 40px !important;background-color: #f9f9f9 !important;}&#8221;][vc_column_text]<strong>Caract\u00e9ristiques :<\/strong><\/p>\n<ul>\n<li>\u00c9pousent les formes courbes.<\/li>\n<li>Peuvent \u00eatre clou\u00e9s ou coll\u00e9s.<\/li>\n<li>Anti-champignons et anti-insectes.<\/li>\n<li>Haute r\u00e9sistance au feu.<\/li>\n<li>100% recyclable<\/li>\n<li>Ne se fendillent pas.<\/li>\n<li>Peuvent \u00eatre peints.<\/li>\n<\/ul>\n<p>[\/vc_column_text][\/vc_column][vc_column width=&#8221;1\/2&#8243;][vc_empty_space][vc_column_text el_class=&#8221;antihumedad&#8221;]<\/p>\n<p style=\"text-align: center;\">100% Anti-humidit\u00e9<\/p>\n<p>[\/vc_column_text][vc_empty_space height=&#8221;20px&#8221;][vc_single_image image=&#8221;17246&#8243; img_size=&#8221;180&#215;192&#8243; alignment=&#8221;center&#8221; qode_css_animation=&#8221;&#8221;][vc_empty_space][\/vc_column][\/vc_row][vc_row row_type=&#8221;row&#8221; use_row_as_full_screen_section=&#8221;no&#8221; type=&#8221;full_width&#8221; angled_section=&#8221;no&#8221; text_align=&#8221;left&#8221; background_image_as_pattern=&#8221;without_pattern&#8221; css_animation=&#8221;&#8221;][vc_column][vc_empty_space][vc_column_text]<\/p>\n<h3>Plinthes<\/h3>\n<p>[\/vc_column_text][vc_separator type=&#8221;normal&#8221; color=&#8221;#f18827&#8243;][vc_empty_space height=&#8221;20px&#8221;][vc_column_text]Elles sont fabriqu\u00e9es en 2200 mm de long.<\/p>\n<p>[\/vc_column_text][vc_empty_space height=&#8221;20px&#8221;][\/vc_column][\/vc_row][vc_row row_type=&#8221;row&#8221; use_row_as_full_screen_section=&#8221;no&#8221; type=&#8221;full_width&#8221; angled_section=&#8221;no&#8221; text_align=&#8221;left&#8221; background_image_as_pattern=&#8221;without_pattern&#8221; css_animation=&#8221;&#8221; el_class=&#8221;cinco&#8221;][vc_column width=&#8221;1\/6&#8243;][vc_single_image image=&#8221;17381&#8243; img_size=&#8221;medium&#8221; alignment=&#8221;center&#8221; onclick=&#8221;custom_link&#8221; qode_css_animation=&#8221;&#8221; link=&#8221;https:\/\/www.disdoor.es\/fr\/productos\/rodapie-y-tapetas-100-anti-humedad\/rodapie-50-x-10\/&#8221;][vc_column_text]<\/p>\n<p style=\"text-align: center;\"><a href=\"https:\/\/www.disdoor.es\/fr\/productos\/rodapie-y-tapetas-100-anti-humedad\/rodapie-50-x-10\/\">50 x 10<\/a><\/p>\n<p>[\/vc_column_text][vc_empty_space height=&#8221;10px&#8221;][\/vc_column][vc_column width=&#8221;1\/6&#8243;][vc_single_image image=&#8221;17372&#8243; img_size=&#8221;medium&#8221; alignment=&#8221;center&#8221; onclick=&#8221;custom_link&#8221; qode_css_animation=&#8221;&#8221; link=&#8221;https:\/\/www.disdoor.es\/fr\/productos\/rodapie-y-tapetas-100-anti-humedad\/rodapie-70-x-10\/&#8221;][vc_column_text]<\/p>\n<p style=\"text-align: center;\"><a href=\"https:\/\/www.disdoor.es\/fr\/productos\/rodapie-y-tapetas-100-anti-humedad\/rodapie-70-x-10\/\">70 x 10<\/a><\/p>\n<p>[\/vc_column_text][vc_empty_space height=&#8221;10px&#8221;][\/vc_column][vc_column width=&#8221;1\/6&#8243;][vc_single_image image=&#8221;17380&#8243; img_size=&#8221;medium&#8221; alignment=&#8221;center&#8221; onclick=&#8221;custom_link&#8221; qode_css_animation=&#8221;&#8221; link=&#8221;https:\/\/www.disdoor.es\/fr\/productos\/rodapie-y-tapetas-100-anti-humedad\/rodapie-85-x-13\/&#8221;][vc_column_text]<\/p>\n<p style=\"text-align: center;\"><a href=\"https:\/\/www.disdoor.es\/fr\/productos\/rodapie-y-tapetas-100-anti-humedad\/rodapie-85-x-13\/\">85 x 13<\/a><\/p>\n<p>[\/vc_column_text][vc_empty_space height=&#8221;10px&#8221;][\/vc_column][vc_column width=&#8221;1\/6&#8243;][vc_single_image image=&#8221;17379&#8243; img_size=&#8221;medium&#8221; alignment=&#8221;center&#8221; onclick=&#8221;custom_link&#8221; qode_css_animation=&#8221;&#8221; link=&#8221;https:\/\/www.disdoor.es\/fr\/productos\/rodapie-y-tapetas-100-anti-humedad\/rodapie-90-x-10\/&#8221;][vc_column_text]<\/p>\n<p style=\"text-align: center;\"><a href=\"https:\/\/www.disdoor.es\/fr\/productos\/rodapie-y-tapetas-100-anti-humedad\/rodapie-90-x-10\/\">90 x 10<\/a><\/p>\n<p>[\/vc_column_text][vc_empty_space height=&#8221;10px&#8221;][\/vc_column][vc_column width=&#8221;1\/6&#8243;][vc_single_image image=&#8221;17378&#8243; img_size=&#8221;medium&#8221; alignment=&#8221;center&#8221; onclick=&#8221;custom_link&#8221; qode_css_animation=&#8221;&#8221; link=&#8221;https:\/\/www.disdoor.es\/fr\/productos\/rodapie-y-tapetas-100-anti-humedad\/rodapie-90-x-14\/&#8221;][vc_column_text]<\/p>\n<p style=\"text-align: center;\"><a href=\"https:\/\/www.disdoor.es\/fr\/productos\/rodapie-y-tapetas-100-anti-humedad\/rodapie-90-x-14\/\">90 x 14<\/a><\/p>\n<p>[\/vc_column_text][vc_empty_space height=&#8221;10px&#8221;][\/vc_column][vc_column width=&#8221;1\/6&#8243;][\/vc_column][\/vc_row][vc_row row_type=&#8221;row&#8221; use_row_as_full_screen_section=&#8221;no&#8221; type=&#8221;full_width&#8221; angled_section=&#8221;no&#8221; text_align=&#8221;left&#8221; background_image_as_pattern=&#8221;without_pattern&#8221; css_animation=&#8221;&#8221;][vc_column][vc_empty_space][vc_column_text]<\/p>\n<h3>Chambranles<\/h3>\n<p>[\/vc_column_text][vc_separator type=&#8221;normal&#8221; color=&#8221;#f18827&#8243;][vc_empty_space height=&#8221;20px&#8221;][vc_column_text]Ils sont fabriqu\u00e9s en 2200 mm et 2750 mm de long.[\/vc_column_text][vc_empty_space height=&#8221;20px&#8221;][\/vc_column][\/vc_row][vc_row row_type=&#8221;row&#8221; use_row_as_full_screen_section=&#8221;no&#8221; type=&#8221;full_width&#8221; angled_section=&#8221;no&#8221; text_align=&#8221;left&#8221; background_image_as_pattern=&#8221;without_pattern&#8221; css_animation=&#8221;&#8221; el_class=&#8221;cinco&#8221;][vc_column width=&#8221;1\/6&#8243;][vc_single_image image=&#8221;17377&#8243; img_size=&#8221;medium&#8221; alignment=&#8221;center&#8221; onclick=&#8221;custom_link&#8221; qode_css_animation=&#8221;&#8221; link=&#8221;https:\/\/www.disdoor.es\/fr\/productos\/rodapie-y-tapetas-100-anti-humedad\/tapeta-70-x-10\/&#8221;][vc_column_text]<\/p>\n<p style=\"text-align: center;\"><a href=\"https:\/\/www.disdoor.es\/fr\/productos\/rodapie-y-tapetas-100-anti-humedad\/tapeta-70-x-10\/\">70 x 10<\/a><\/p>\n<p>[\/vc_column_text][vc_empty_space height=&#8221;10px&#8221;][\/vc_column][vc_column width=&#8221;1\/6&#8243;][vc_single_image image=&#8221;17376&#8243; img_size=&#8221;medium&#8221; alignment=&#8221;center&#8221; onclick=&#8221;custom_link&#8221; qode_css_animation=&#8221;&#8221; link=&#8221;https:\/\/www.disdoor.es\/fr\/productos\/rodapie-y-tapetas-100-anti-humedad\/tapeta-70-x-12\/&#8221;][vc_column_text]<\/p>\n<p style=\"text-align: center;\"><a href=\"https:\/\/www.disdoor.es\/fr\/productos\/rodapie-y-tapetas-100-anti-humedad\/tapeta-70-x-12\/\">70 x 12<\/a><\/p>\n<p>[\/vc_column_text][vc_empty_space height=&#8221;10px&#8221;][\/vc_column][vc_column width=&#8221;1\/6&#8243;][vc_single_image image=&#8221;17375&#8243; img_size=&#8221;medium&#8221; alignment=&#8221;center&#8221; onclick=&#8221;custom_link&#8221; qode_css_animation=&#8221;&#8221; link=&#8221;https:\/\/www.disdoor.es\/fr\/productos\/rodapie-y-tapetas-100-anti-humedad\/tapeta-90-x-10\/&#8221;][vc_column_text]<\/p>\n<p style=\"text-align: center;\"><a href=\"https:\/\/www.disdoor.es\/fr\/productos\/rodapie-y-tapetas-100-anti-humedad\/tapeta-90-x-10\/\">90 x 10<\/a><\/p>\n<p>[\/vc_column_text][vc_empty_space height=&#8221;10px&#8221;][\/vc_column][vc_column width=&#8221;1\/6&#8243;][vc_single_image image=&#8221;17374&#8243; img_size=&#8221;medium&#8221; alignment=&#8221;center&#8221; onclick=&#8221;custom_link&#8221; qode_css_animation=&#8221;&#8221; link=&#8221;https:\/\/www.disdoor.es\/fr\/productos\/rodapie-y-tapetas-100-anti-humedad\/tapeta-90-x-12\/&#8221;][vc_column_text]<\/p>\n<p style=\"text-align: center;\"><a href=\"https:\/\/www.disdoor.es\/fr\/productos\/rodapie-y-tapetas-100-anti-humedad\/tapeta-90-x-12\/\">90 x 12<\/a><\/p>\n<p>[\/vc_column_text][vc_empty_space height=&#8221;10px&#8221;][\/vc_column][vc_column width=&#8221;1\/6&#8243;][\/vc_column][vc_column width=&#8221;1\/6&#8243;][\/vc_column][\/vc_row][vc_row row_type=&#8221;row&#8221; use_row_as_full_screen_section=&#8221;no&#8221; type=&#8221;full_width&#8221; angled_section=&#8221;no&#8221; text_align=&#8221;left&#8221; background_image_as_pattern=&#8221;without_pattern&#8221; css_animation=&#8221;&#8221;][vc_column][vc_empty_space][\/vc_column][\/vc_row]<\/p>\n","protected":false},"excerpt":{"rendered":"<p>[vc_row row_type=&#8221;row&#8221; use_row_as_full_screen_section=&#8221;no&#8221; type=&#8221;grid&#8221; angled_section=&#8221;no&#8221; text_align=&#8221;center&#8221; background_image_as_pattern=&#8221;without_pattern&#8221; padding_bottom=&#8221;47&#8243; css_animation=&#8221;&#8221;][vc_column][vc_column_text] Plinthes et chambranles 100% Anti-humidit\u00e9 [\/vc_column_text][vc_separator type=&#8221;small&#8221; position=&#8221;center&#8221; color=&#8221;#f18827&#8243; thickness=&#8221;6&#8243; width=&#8221;52&#8243; up=&#8221;12&#8243; down=&#8221;20&#8243;][vc_column_text] Sp\u00e9cial sols et parquets [\/vc_column_text][vc_empty_space][\/vc_column][\/vc_row][vc_row row_type=&#8221;row&#8221; use_row_as_full_screen_section=&#8221;no&#8221; type=&#8221;full_width&#8221; angled_section=&#8221;no&#8221; text_align=&#8221;left&#8221; background_image_as_pattern=&#8221;without_pattern&#8221; css_animation=&#8221;&#8221;][vc_column width=&#8221;1\/2&#8243;][vc_column_text]Disdoor fabrique des plinthes et des chambranles 100% Anti-humidit\u00e9 (brevet ES&#8230;<\/p>\n","protected":false},"author":1,"featured_media":0,"parent":17383,"menu_order":0,"comment_status":"closed","ping_status":"closed","template":"","meta":{"footnotes":""},"class_list":["post-17242","page","type-page","status-publish","hentry"],"yoast_head":"<!-- This site is optimized with the Yoast SEO plugin v18.4.1 - https:\/\/yoast.com\/wordpress\/plugins\/seo\/ -->\n<title>Plinthes et chambranles 100 % Anti-humidit\u00e9 - Disdoor<\/title>\n<meta name=\"robots\" content=\"index, follow, max-snippet:-1, max-image-preview:large, max-video-preview:-1\" \/>\n<link rel=\"canonical\" href=\"http:\/\/disdoor.es\/fr\/productos\/rodapie-y-tapetas-100-anti-humedad\/\" \/>\n<meta property=\"og:locale\" content=\"fr_FR\" \/>\n<meta property=\"og:type\" content=\"article\" \/>\n<meta property=\"og:title\" content=\"Plinthes et chambranles 100 % Anti-humidit\u00e9 - Disdoor\" \/>\n<meta property=\"og:description\" content=\"[vc_row row_type=&#8221;row&#8221; use_row_as_full_screen_section=&#8221;no&#8221; type=&#8221;grid&#8221; angled_section=&#8221;no&#8221; text_align=&#8221;center&#8221; background_image_as_pattern=&#8221;without_pattern&#8221; padding_bottom=&#8221;47&#8243; css_animation=&#8221;&#8221;][vc_column][vc_column_text] Plinthes et chambranles 100% Anti-humidit\u00e9 [\/vc_column_text][vc_separator type=&#8221;small&#8221; position=&#8221;center&#8221; color=&#8221;#f18827&#8243; thickness=&#8221;6&#8243; width=&#8221;52&#8243; up=&#8221;12&#8243; down=&#8221;20&#8243;][vc_column_text] Sp\u00e9cial sols et parquets [\/vc_column_text][vc_empty_space][\/vc_column][\/vc_row][vc_row row_type=&#8221;row&#8221; use_row_as_full_screen_section=&#8221;no&#8221; type=&#8221;full_width&#8221; angled_section=&#8221;no&#8221; text_align=&#8221;left&#8221; background_image_as_pattern=&#8221;without_pattern&#8221; css_animation=&#8221;&#8221;][vc_column width=&#8221;1\/2&#8243;][vc_column_text]Disdoor fabrique des plinthes et des chambranles 100% Anti-humidit\u00e9 (brevet ES...\" \/>\n<meta property=\"og:url\" content=\"http:\/\/disdoor.es\/fr\/productos\/rodapie-y-tapetas-100-anti-humedad\/\" \/>\n<meta property=\"og:site_name\" content=\"Disdoor\" \/>\n<meta property=\"article:modified_time\" content=\"2019-04-23T09:30:21+00:00\" \/>\n<meta name=\"twitter:card\" content=\"summary_large_image\" \/>\n<meta name=\"twitter:label1\" content=\"Est. reading time\" \/>\n\t<meta name=\"twitter:data1\" content=\"5 minutes\" \/>\n<script type=\"application\/ld+json\" class=\"yoast-schema-graph\">{\"@context\":\"https:\/\/schema.org\",\"@graph\":[{\"@type\":\"Organization\",\"@id\":\"https:\/\/disdoor.es\/fr\/#organization\",\"name\":\"Disdoor\",\"url\":\"https:\/\/disdoor.es\/fr\/\",\"sameAs\":[],\"logo\":{\"@type\":\"ImageObject\",\"@id\":\"https:\/\/disdoor.es\/fr\/#logo\",\"inLanguage\":\"fr-FR\",\"url\":\"https:\/\/www.disdoor.es\/wp-content\/uploads\/2017\/10\/logo-disdoor.png\",\"contentUrl\":\"https:\/\/www.disdoor.es\/wp-content\/uploads\/2017\/10\/logo-disdoor.png\",\"width\":198,\"height\":80,\"caption\":\"Disdoor\"},\"image\":{\"@id\":\"https:\/\/disdoor.es\/fr\/#logo\"}},{\"@type\":\"WebSite\",\"@id\":\"https:\/\/disdoor.es\/fr\/#website\",\"url\":\"https:\/\/disdoor.es\/fr\/\",\"name\":\"Disdoor\",\"description\":\"Armarios y puertas plegables\",\"publisher\":{\"@id\":\"https:\/\/disdoor.es\/fr\/#organization\"},\"potentialAction\":[{\"@type\":\"SearchAction\",\"target\":{\"@type\":\"EntryPoint\",\"urlTemplate\":\"https:\/\/disdoor.es\/fr\/?s={search_term_string}\"},\"query-input\":\"required name=search_term_string\"}],\"inLanguage\":\"fr-FR\"},{\"@type\":\"WebPage\",\"@id\":\"http:\/\/disdoor.es\/fr\/productos\/rodapie-y-tapetas-100-anti-humedad\/#webpage\",\"url\":\"http:\/\/disdoor.es\/fr\/productos\/rodapie-y-tapetas-100-anti-humedad\/\",\"name\":\"Plinthes et chambranles 100 % Anti-humidit\u00e9 - Disdoor\",\"isPartOf\":{\"@id\":\"https:\/\/disdoor.es\/fr\/#website\"},\"datePublished\":\"2018-07-16T07:42:17+00:00\",\"dateModified\":\"2019-04-23T09:30:21+00:00\",\"breadcrumb\":{\"@id\":\"http:\/\/disdoor.es\/fr\/productos\/rodapie-y-tapetas-100-anti-humedad\/#breadcrumb\"},\"inLanguage\":\"fr-FR\",\"potentialAction\":[{\"@type\":\"ReadAction\",\"target\":[\"http:\/\/disdoor.es\/fr\/productos\/rodapie-y-tapetas-100-anti-humedad\/\"]}]},{\"@type\":\"BreadcrumbList\",\"@id\":\"http:\/\/disdoor.es\/fr\/productos\/rodapie-y-tapetas-100-anti-humedad\/#breadcrumb\",\"itemListElement\":[{\"@type\":\"ListItem\",\"position\":1,\"name\":\"Portada\",\"item\":\"https:\/\/disdoor.es\/fr\/\"},{\"@type\":\"ListItem\",\"position\":2,\"name\":\"Produits\",\"item\":\"https:\/\/disdoor.es\/fr\/productos\/\"},{\"@type\":\"ListItem\",\"position\":3,\"name\":\"Plinthes et chambranles 100 % Anti-humidit\u00e9\"}]}]}<\/script>\n<!-- \/ Yoast SEO plugin. -->","yoast_head_json":{"title":"Plinthes et chambranles 100 % Anti-humidit\u00e9 - Disdoor","robots":{"index":"index","follow":"follow","max-snippet":"max-snippet:-1","max-image-preview":"max-image-preview:large","max-video-preview":"max-video-preview:-1"},"canonical":"http:\/\/disdoor.es\/fr\/productos\/rodapie-y-tapetas-100-anti-humedad\/","og_locale":"fr_FR","og_type":"article","og_title":"Plinthes et chambranles 100 % Anti-humidit\u00e9 - Disdoor","og_description":"[vc_row row_type=&#8221;row&#8221; use_row_as_full_screen_section=&#8221;no&#8221; type=&#8221;grid&#8221; angled_section=&#8221;no&#8221; text_align=&#8221;center&#8221; background_image_as_pattern=&#8221;without_pattern&#8221; padding_bottom=&#8221;47&#8243; css_animation=&#8221;&#8221;][vc_column][vc_column_text] Plinthes et chambranles 100% Anti-humidit\u00e9 [\/vc_column_text][vc_separator type=&#8221;small&#8221; position=&#8221;center&#8221; color=&#8221;#f18827&#8243; thickness=&#8221;6&#8243; width=&#8221;52&#8243; up=&#8221;12&#8243; down=&#8221;20&#8243;][vc_column_text] Sp\u00e9cial sols et parquets [\/vc_column_text][vc_empty_space][\/vc_column][\/vc_row][vc_row row_type=&#8221;row&#8221; use_row_as_full_screen_section=&#8221;no&#8221; type=&#8221;full_width&#8221; angled_section=&#8221;no&#8221; text_align=&#8221;left&#8221; background_image_as_pattern=&#8221;without_pattern&#8221; css_animation=&#8221;&#8221;][vc_column width=&#8221;1\/2&#8243;][vc_column_text]Disdoor fabrique des plinthes et des chambranles 100% Anti-humidit\u00e9 (brevet ES...","og_url":"http:\/\/disdoor.es\/fr\/productos\/rodapie-y-tapetas-100-anti-humedad\/","og_site_name":"Disdoor","article_modified_time":"2019-04-23T09:30:21+00:00","twitter_card":"summary_large_image","twitter_misc":{"Est. reading time":"5 minutes"},"schema":{"@context":"https:\/\/schema.org","@graph":[{"@type":"Organization","@id":"https:\/\/disdoor.es\/fr\/#organization","name":"Disdoor","url":"https:\/\/disdoor.es\/fr\/","sameAs":[],"logo":{"@type":"ImageObject","@id":"https:\/\/disdoor.es\/fr\/#logo","inLanguage":"fr-FR","url":"https:\/\/www.disdoor.es\/wp-content\/uploads\/2017\/10\/logo-disdoor.png","contentUrl":"https:\/\/www.disdoor.es\/wp-content\/uploads\/2017\/10\/logo-disdoor.png","width":198,"height":80,"caption":"Disdoor"},"image":{"@id":"https:\/\/disdoor.es\/fr\/#logo"}},{"@type":"WebSite","@id":"https:\/\/disdoor.es\/fr\/#website","url":"https:\/\/disdoor.es\/fr\/","name":"Disdoor","description":"Armarios y puertas plegables","publisher":{"@id":"https:\/\/disdoor.es\/fr\/#organization"},"potentialAction":[{"@type":"SearchAction","target":{"@type":"EntryPoint","urlTemplate":"https:\/\/disdoor.es\/fr\/?s={search_term_string}"},"query-input":"required name=search_term_string"}],"inLanguage":"fr-FR"},{"@type":"WebPage","@id":"http:\/\/disdoor.es\/fr\/productos\/rodapie-y-tapetas-100-anti-humedad\/#webpage","url":"http:\/\/disdoor.es\/fr\/productos\/rodapie-y-tapetas-100-anti-humedad\/","name":"Plinthes et chambranles 100 % Anti-humidit\u00e9 - Disdoor","isPartOf":{"@id":"https:\/\/disdoor.es\/fr\/#website"},"datePublished":"2018-07-16T07:42:17+00:00","dateModified":"2019-04-23T09:30:21+00:00","breadcrumb":{"@id":"http:\/\/disdoor.es\/fr\/productos\/rodapie-y-tapetas-100-anti-humedad\/#breadcrumb"},"inLanguage":"fr-FR","potentialAction":[{"@type":"ReadAction","target":["http:\/\/disdoor.es\/fr\/productos\/rodapie-y-tapetas-100-anti-humedad\/"]}]},{"@type":"BreadcrumbList","@id":"http:\/\/disdoor.es\/fr\/productos\/rodapie-y-tapetas-100-anti-humedad\/#breadcrumb","itemListElement":[{"@type":"ListItem","position":1,"name":"Portada","item":"https:\/\/disdoor.es\/fr\/"},{"@type":"ListItem","position":2,"name":"Produits","item":"https:\/\/disdoor.es\/fr\/productos\/"},{"@type":"ListItem","position":3,"name":"Plinthes et chambranles 100 % Anti-humidit\u00e9"}]}]}},"_links":{"self":[{"href":"http:\/\/disdoor.es\/fr\/wp-json\/wp\/v2\/pages\/17242","targetHints":{"allow":["GET"]}}],"collection":[{"href":"http:\/\/disdoor.es\/fr\/wp-json\/wp\/v2\/pages"}],"about":[{"href":"http:\/\/disdoor.es\/fr\/wp-json\/wp\/v2\/types\/page"}],"author":[{"embeddable":true,"href":"http:\/\/disdoor.es\/fr\/wp-json\/wp\/v2\/users\/1"}],"replies":[{"embeddable":true,"href":"http:\/\/disdoor.es\/fr\/wp-json\/wp\/v2\/comments?post=17242"}],"version-history":[{"count":7,"href":"http:\/\/disdoor.es\/fr\/wp-json\/wp\/v2\/pages\/17242\/revisions"}],"predecessor-version":[{"id":17507,"href":"http:\/\/disdoor.es\/fr\/wp-json\/wp\/v2\/pages\/17242\/revisions\/17507"}],"up":[{"embeddable":true,"href":"http:\/\/disdoor.es\/fr\/wp-json\/wp\/v2\/pages\/17383"}],"wp:attachment":[{"href":"http:\/\/disdoor.es\/fr\/wp-json\/wp\/v2\/media?parent=17242"}],"curies":[{"name":"wp","href":"https:\/\/api.w.org\/{rel}","templated":true}]}}